{"id":16777,"date":"2017-08-23T15:20:27","date_gmt":"2017-08-23T14:20:27","guid":{"rendered":"http:\/\/fscrealicious.fr\/projets\/asns\/?page_id=16777"},"modified":"2025-12-03T14:14:31","modified_gmt":"2025-12-03T13:14:31","slug":"golf-ile-de-france","status":"publish","type":"page","link":"http:\/\/asns.fr\/wp\/sports\/golf-ile-de-france\/","title":{"rendered":"Golf Ile de France"},"content":{"rendered":"<p>[vc_row content_aligment=\u00a0\u00bbcenter\u00a0\u00bb][vc_column width=\u00a0\u00bb1\/3&Prime;]<div class=\"mkd-iwt clearfix mkd-iwt-icon-top mkd-iwt-icon-small\" style=\"text-align: center\">\n\t<div class=\"mkd-iwt-icon-holder\">\n\t\t\t\t\t\n\t<span class=\"mkd-icon-shortcode normal mkd-icon-small\"  data-hover-color=\"#00b596\" data-color=\"#009687\">\n        \n\t\t\t<i class=\"mkd-icon-font-awesome fa fa-user mkd-icon-element\" style=\"color: #009687\" ><\/i>\n\t\t\t    <\/span>\n\n\t\t\t\t<\/div>\n\t<div class=\"mkd-iwt-content-holder\" >\n\t\t\t\t<div class=\"mkd-iwt-title-holder\">\n\t\t\t<h3\t\t\tclass=\"mkd-iwt-title\" style=\"color: #009687;text-transform: capitalize;font-weight: 600\"\t\t\t>CONTACT<\/h3>\n\t<\/div>\n\t\t<div class=\"mkd-iwt-text-holder\">\n\t\t<p ><\/p>\n\n\t\t\t<\/div>\n<\/div>\n<\/div>[vc_column_text]<\/p>\n<p style=\"font-size: 12px;text-align: center\">Responsable de la section Golf<br \/>\n<a style=\"color: #7f7f7f;font-size: 12px\" href=\"mailto:jacques.hoarau13@sfr.fr\">Jacques HOARAU<\/a><\/p>\n<p style=\"font-size: 12px;text-align: center\">Adjoints de la section golf<br \/>\n<a style=\"color: #7f7f7f;font-size: 12px\" href=\"mailto:jeanfrancois.sturelle@sfr.com\">Jean-Fran\u00e7ois STURELLE\u00a0 &#8211; <\/a><a style=\"color: #7f7f7f;font-size: 12px\" href=\"mailto:martine.bonnard@sfr.com\">Martine BONNARD &#8211; <\/a><a style=\"color: #7f7f7f;font-size: 12px\" href=\"mailto:olivier.herve@sfr.com\">Olivier HERVE<\/a><\/p>\n<p>[\/vc_column_text][vc_empty_space height=\u00a0\u00bb20px\u00a0\u00bb][\/vc_column][vc_column width=\u00a0\u00bb1\/3&Prime;]<div class=\"mkd-iwt clearfix mkd-iwt-icon-top mkd-iwt-icon-small\" style=\"text-align: center\">\n\t<div class=\"mkd-iwt-icon-holder\">\n\t\t\t\t\t\n\t<span class=\"mkd-icon-shortcode normal mkd-icon-small\"  data-hover-color=\"#0cce0c\" data-color=\"#34a80b\">\n        \n\t\t\t<i class=\"mkd-icon-font-awesome fa fa-clock-o mkd-icon-element\" style=\"color: #34a80b\" ><\/i>\n\t\t\t    <\/span>\n\n\t\t\t\t<\/div>\n\t<div class=\"mkd-iwt-content-holder\" >\n\t\t\t\t<div class=\"mkd-iwt-title-holder\">\n\t\t\t<h3\t\t\tclass=\"mkd-iwt-title\" style=\"color: #34a80b;text-transform: capitalize;font-weight: 600\"\t\t\t>HORAIRES<\/h3>\n\t<\/div>\n\t\t<div class=\"mkd-iwt-text-holder\">\n\t\t<p ><\/p>\n\n\t\t\t<\/div>\n<\/div>\n<\/div>[vc_column_text]<\/p>\n<p style=\"text-align: center;color: #7f7f7f;font-size: 12px\">#<\/p>\n<p>[\/vc_column_text][vc_empty_space height=\u00a0\u00bb20px\u00a0\u00bb][\/vc_column][vc_column width=\u00a0\u00bb1\/3&Prime;]<div class=\"mkd-iwt clearfix mkd-iwt-icon-top mkd-iwt-icon-small\" style=\"text-align: center\">\n\t<div class=\"mkd-iwt-icon-holder\">\n\t\t\t\t\t\n\t<span class=\"mkd-icon-shortcode normal mkd-icon-small\"  data-hover-color=\"#afea31\" data-color=\"#9ed22d\">\n        \n\t\t\t<i class=\"mkd-icon-font-awesome fa fa-map-marker mkd-icon-element\" style=\"color: #9ed22d\" ><\/i>\n\t\t\t    <\/span>\n\n\t\t\t\t<\/div>\n\t<div class=\"mkd-iwt-content-holder\" >\n\t\t\t\t<div class=\"mkd-iwt-title-holder\">\n\t\t\t<h3\t\t\tclass=\"mkd-iwt-title\" style=\"color: #9ed22d;text-transform: capitalize;font-weight: 600\"\t\t\t>LIEU<\/h3>\n\t<\/div>\n\t\t<div class=\"mkd-iwt-text-holder\">\n\t\t<p ><\/p>\n\n\t\t\t<\/div>\n<\/div>\n<\/div>[vc_column_text]<\/p>\n<p style=\"text-align: center;color: #7f7f7f\"><a style=\"color: #7f7f7f;font-size: 12px\" target=\"_blank\" rel=\"noopener noreferrer\">#<\/a><\/p>\n<p>[\/vc_column_text][vc_empty_space height=\u00a0\u00bb20px\u00a0\u00bb][\/vc_column][\/vc_row][vc_row][vc_column][vc_empty_space height=\u00a0\u00bb30px\u00a0\u00bb]<div class=\"mkd-separator-holder clearfix  mkd-separator-center mkd-separator-full-width\">\n\t<div class=\"mkd-separator\" style=\"border-color: #000000;border-style: dotted\"><\/div>\n<\/div>\n[vc_column_text]\n<blockquote class=\"mkd-blockquote-shortcode\" style=\"width: 100%\" >\n\t<h5 class=\"mkd-blockquote-text\">\n\t\t<span>Bienvenue dans la section Golf \u00eele de France<\/span>\n\t<\/h5>\n<\/blockquote>[\/vc_column_text][vc_empty_space height=\u00a0\u00bb30px\u00a0\u00bb][vc_column_text]<\/p>\n<h3>Vos contacts<\/h3>\n<div class=\"mkd-separator-holder clearfix  mkd-separator-left mkd-separator-normal\">\n\t<div class=\"mkd-separator\" style=\"border-color: #e2001a;border-style: solid;width: 50px;border-bottom-width: 4px;margin-top: 20px;margin-bottom: 20px\"><\/div>\n<\/div>\n[\/vc_column_text][vc_empty_space height=\u00a0\u00bb30px\u00a0\u00bb][vc_column_text]<\/p>\n<p style=\"text-align: justify\">Equipe bureau section Golf Idf :<\/p>\n<ul>\n<li>Jacques HOARAU\u00a0 (responsable section golf)\u00a0 \u00a0&#8211;\u00a0 mail : jacques.hoarau13@sfr.fr ,\u00a0 Mob : 06 03 12 45 32<\/li>\n<li>Jean-Fran\u00e7ois STURELLE (capitaine \u00e9quipes entreprises) &#8211; COURBEVOIE Bur C3202C<\/li>\n<li>Olivier HERVE (adjoint section golf)\u00a0 \u00a0&#8211; ALTICE CAMPUS<\/li>\n<li>Martine BONNARD\u00a0 (adjointe section golf)\u00a0 \u00a0&#8211; ALTICE CAMPUS<\/li>\n<\/ul>\n<h3><\/h3>\n<p>&nbsp;<\/p>\n<h1 style=\"padding-left: 40px\"><span style=\"color: #ff0000\"><em><b>La\u00a0 section golf\u00a0 vous souhaite <\/b><\/em><\/span><\/h1>\n<h1 style=\"padding-left: 40px\"><span style=\"color: #ff0000\"><em><b>une bonne saison\u00a0 2025-2026<\/b><\/em><\/span><\/h1>\n<h3><\/h3>\n<p>&nbsp;<\/p>\n<p>&nbsp;<\/p>\n<h3>Pr\u00e9sentation<\/h3>\n<p><em><b>La\u00a0 section section golf de l&rsquo;AS New SFR <\/b><\/em><em><b>propose aux golfeurs de la r\u00e9gion Ile de France\u00a0 plusieurs sorties golfiques dans l&rsquo;ann\u00e9e pour les golfeurs de tous niveaux ayant un index inf\u00e9rieur ou \u00e9gal\u00a0 \u00e0 54\u00a0 . <\/b><\/em><\/p>\n<p><em><b>Ces\u00a0 sorties consistent en 1 comp\u00e9tition par mois (sauf entre D\u00e9cembre et\u00a0 F\u00e9vrier )\u00a0 \u00a0sur un parcours de la r\u00e9gion parisienne. Cette\u00a0 comp\u00e9tition se d\u00e9roule en g\u00e9n\u00e9ral le Samedi matin et est suivi d&rsquo;un d\u00e9jeuner (optionnel) au restaurant du club.\u00a0<\/b><\/em><\/p>\n<p><em><b> Nous organisons \u00e9galement 2 fois par an (en Mai et en Octobre) un WE golfique (du Vendredi au Dimanche) en dehors de la r\u00e9gion parisienne sur des parcours r\u00e9put\u00e9s o\u00f9 les conjoints et amis sont les bienvenus.<\/b><\/em><\/p>\n<p><em><b>Nous proposons \u00e9galement aux golfeurs\u00a0 motiv\u00e9s un tournoi de match play (Troph\u00e9e Jean Lafitte) ouvert \u00e0 tous les golfeurs de l&rsquo;AS SFR et ex SFR avec une remise de prix pour les vainqueurs lors de la derni\u00e8re sortie de la saison.<\/b><\/em><\/p>\n<p><em><b>Par ailleurs nous participons \u00e9galement \u00e0 certaines comp\u00e9titons inter-entreprise organis\u00e9es par la Ligue de Golf de Paris-Ile de France (Coupe et Crit\u00e9rium) o\u00f9 nous repr\u00e9sentons l&rsquo;AS SFR.<\/b><\/em><\/p>\n<p>&nbsp;<\/p>\n<h3>Calendrier des comp\u00e9titions golfiques\u00a0 de l&rsquo;AS SFR\u00a0 saison 2025-2026<\/h3>\n<div class=\"mkd-separator-holder clearfix  mkd-separator-left mkd-separator-normal\">\n\t<div class=\"mkd-separator\" style=\"border-color: #e2001a;border-style: solid;width: 50px;border-bottom-width: 4px;margin-top: 20px;margin-bottom: 20px\"><\/div>\n<\/div>\n[\/vc_column_text][vc_empty_space height=\u00a0\u00bb30px\u00a0\u00bb][vc_column_text]<\/p>\n<p>&nbsp;<\/p>\n<ul>\n<li>Samedi 13 Septembre 2025 &#8211; golf de GUERVILLE<\/li>\n<li>WE\u00a0 \u00a017,18 et 19 Octobre\u00a0 2025 &#8211; golf du TOUQUET<\/li>\n<li>Samedi 15 Novembre 2025 &#8211; golf de VILLARCEAUX<\/li>\n<li>Samedi 21 mars 2026 &#8211; golf d&rsquo;APREMONT<\/li>\n<li>Samedi\u00a0 18\u00a0 Avril 2026 &#8211; golf \u00e0 d&rsquo;OZOIR LA FERRIERE<\/li>\n<li>WE\u00a0 \u00a08, 9 et 10 Mai\u00a0 2026 &#8211; golf d&rsquo;OMAHA BEACH<\/li>\n<li>Samedi 13 Juin 2026 &#8211; golf d&rsquo;ABLEIGES<\/li>\n<li>Samedi 4 Juillet 2026 &#8211; golf de FORGES LES BAINS<\/li>\n<li>Samedi 1 Ao\u00fbt 2026 &#8211; golf \u00e0 d\u00e9terminer<\/li>\n<\/ul>\n<p>&nbsp;<\/p>\n<div>\u00a0[\/vc_column_text][vc_empty_space height=\u00a0\u00bb30px\u00a0\u00bb][vc_column_text]<\/div>\n<div><\/div>\n<div>\n<h3>Calendrier des comp\u00e9titions inter entreprises Ligue de Paris-IdF 2026<\/h3>\n<div class=\"mkd-separator-holder clearfix  mkd-separator-left mkd-separator-normal\">\n\t<div class=\"mkd-separator\" style=\"border-color: #e2001a;border-style: solid;width: 50px;border-bottom-width: 4px;margin-top: 20px;margin-bottom: 20px\"><\/div>\n<\/div>\n[\/vc_column_text][vc_empty_space height=\u00a0\u00bb30px\u00a0\u00bb][vc_column_text]<\/p>\n<p style=\"padding-left: 40px\">CALENDRIER\u00a0 2026 DES COMPETITIONS INTER-ENTREPRISES COUPE et CRITERIUM DE LA LIGUE DE PARIS-IDF<\/p>\n<ul>\n<li>1er tour du Crit\u00e9rium Ligue de Paris &#8211; Idf :\u00a0 samedi 14 mars 2026 &#8211; Val d&rsquo;Europe \/ Senart<\/li>\n<li>2i\u00e8me tour du Crit\u00e9rium Ligue de Paris &#8211; Idf : samedi 11 avril 2026 &#8211; Senart \/ Val d&rsquo;Europe<\/li>\n<li>Finale Crit\u00e9rium de Paris &#8211; Idf : samedi 20 juin 2026 &#8211; Forges Les Bains<\/li>\n<li>1er tour de la Coupe de Paris &#8211; Idf : samedi 28 mars 2026 &#8211; St Germain Les Corbeil \/ Forges Les Bains<\/li>\n<li>2i\u00e8me tour de la Coupe de Paris &#8211; Idf : samedi 23 mai 2026 &#8211; Forges Les Bains \/ St Germain Les Corbeil<\/li>\n<li>Finale Coupe de Paris &#8211; Idf : samedi 27 juin 2026 &#8211; Val Grand<\/li>\n<\/ul>\n<div>\u00a0[\/vc_column_text][vc_empty_space height=\u00a0\u00bb30px\u00a0\u00bb][vc_column_text]<\/div>\n<\/div>\n<div><\/div>\n<div><\/div>\n<div class=\"vc_empty_space\" style=\"height: 20px\"><\/div>\n<p>[\/vc_column_text][\/vc_column][\/vc_row]<\/p>\n","protected":false},"excerpt":{"rendered":"<p>[vc_row content_aligment=\u00a0\u00bbcenter\u00a0\u00bb][vc_column width=\u00a0\u00bb1\/3&Prime;][vc_column_text] Responsable de la section Golf Jacques HOARAU Adjoints de la section golf Jean-Fran\u00e7ois STURELLE\u00a0 &#8211; Martine BONNARD &#8211; Olivier HERVE [\/vc_column_text][vc_empty_space height=\u00a0\u00bb20px\u00a0\u00bb][\/vc_column][vc_column width=\u00a0\u00bb1\/3&Prime;][vc_column_text] # [\/vc_column_text][vc_empty_space height=\u00a0\u00bb20px\u00a0\u00bb][\/vc_column][vc_column width=\u00a0\u00bb1\/3&Prime;][vc_column_text] # [\/vc_column_text][vc_empty_space height=\u00a0\u00bb20px\u00a0\u00bb][\/vc_column][\/vc_row][vc_row][vc_column][vc_empty_space height=\u00a0\u00bb30px\u00a0\u00bb][vc_column_text][\/vc_column_text][vc_empty_space height=\u00a0\u00bb30px\u00a0\u00bb][vc_column_text] Vos contacts [\/vc_column_text][vc_empty_space height=\u00a0\u00bb30px\u00a0\u00bb][vc_column_text] Equipe bureau section Golf Idf :&#8230;<\/p>\n","protected":false},"author":13,"featured_media":0,"parent":15860,"menu_order":0,"comment_status":"closed","ping_status":"closed","template":"","meta":{"footnotes":""},"class_list":["post-16777","page","type-page","status-publish","hentry"],"_links":{"self":[{"href":"http:\/\/asns.fr\/wp\/wp-json\/wp\/v2\/pages\/16777","targetHints":{"allow":["GET"]}}],"collection":[{"href":"http:\/\/asns.fr\/wp\/wp-json\/wp\/v2\/pages"}],"about":[{"href":"http:\/\/asns.fr\/wp\/wp-json\/wp\/v2\/types\/page"}],"author":[{"embeddable":true,"href":"http:\/\/asns.fr\/wp\/wp-json\/wp\/v2\/users\/13"}],"replies":[{"embeddable":true,"href":"http:\/\/asns.fr\/wp\/wp-json\/wp\/v2\/comments?post=16777"}],"version-history":[{"count":102,"href":"http:\/\/asns.fr\/wp\/wp-json\/wp\/v2\/pages\/16777\/revisions"}],"predecessor-version":[{"id":19896,"href":"http:\/\/asns.fr\/wp\/wp-json\/wp\/v2\/pages\/16777\/revisions\/19896"}],"up":[{"embeddable":true,"href":"http:\/\/asns.fr\/wp\/wp-json\/wp\/v2\/pages\/15860"}],"wp:attachment":[{"href":"http:\/\/asns.fr\/wp\/wp-json\/wp\/v2\/media?parent=16777"}],"curies":[{"name":"wp","href":"https:\/\/api.w.org\/{rel}","templated":true}]}}